{"id":1614,"date":"2022-06-20T15:45:26","date_gmt":"2022-06-20T20:45:26","guid":{"rendered":"http:\/\/tap-to-insure-llc.seven.zysites.com\/about-us-2\/"},"modified":"2026-04-02T14:46:15","modified_gmt":"2026-04-02T19:46:15","slug":"about-us","status":"publish","type":"page","link":"https:\/\/tap-to-insure-llc.seven.zysites.com\/es\/about-us\/","title":{"rendered":"Sobre nosotras"},"content":{"rendered":"<p>Nuestra historia: Seguros a la velocidad de la vida.<\/p>\n<p><strong>La visi\u00f3n<\/strong><\/p>\n<p>La agencia de seguros tradicional se construy\u00f3 sobre una base de llamadas telef\u00f3nicas, papeleo y la promesa de \u00abnos pondremos en contacto con usted\u00bb. En <strong>Tap to Insure<\/strong>, nos dimos cuenta de que, en un mundo donde se puede pedir la cena y gestionar la cuenta bancaria desde el tel\u00e9fono, comprar un seguro de auto deber\u00eda ser igual de sencillo.<\/p>\n<p>No quer\u00edamos limitarnos a crear una agencia de seguros m\u00e1s; quer\u00edamos construir una <strong>forma m\u00e1s r\u00e1pida y f\u00e1cil de obtener cobertura.<\/strong><\/p>\n<p><strong>La diferencia de \u00abTap to Insure\u00bb<\/strong><\/p>\n<p>Hemos eliminado la fricci\u00f3n del \u00abintermediario\u00bb al brindarle acceso directo a los mismos potentes sistemas de cotizaci\u00f3n que utilizan los profesionales del sector. Al asociarnos con aseguradoras de vanguardia tecnol\u00f3gica, como <strong>Alinsco<\/strong> y <strong>United Auto (UAIC)<\/strong>, hemos creado una plataforma en la que usted lleva el control.<\/p>\n<ul>\n<li><strong>Sin necesidad de llamadas telef\u00f3nicas:<\/strong> Olv\u00eddese de la m\u00fasica de espera. Cotice, seleccione y active su p\u00f3liza 100% en l\u00ednea.<\/li>\n<li><strong>Inclusividad total:<\/strong> Ya sea que tenga un historial de conducci\u00f3n impecable, cuente con una identificaci\u00f3n extranjera o pasaporte, o necesite un certificado SR-22 de inmediato, tenemos una soluci\u00f3n digital lista para usted.<\/li>\n<li><strong>Tranquilidad instant\u00e1nea:<\/strong> Desde el primer toque en la pantalla hasta la recepci\u00f3n de sus tarjetas de identificaci\u00f3n digital, nuestro proceso est\u00e1 dise\u00f1ado para completarse en minutos, no en d\u00edas.<\/li>\n<\/ul>\n<p><strong>Respaldados por d\u00e9cadas de estabilidad<\/strong><\/p>\n<p>Si bien nuestra tecnolog\u00eda es moderna, nuestra protecci\u00f3n es s\u00f3lida como una roca. En <strong>Tap to Insure<\/strong>, nos enorgullece contar con el respaldo de socios estrat\u00e9gicos que suman m\u00e1s de <strong>35 a\u00f1os de excelencia<\/strong> y poseen <strong>calificaciones A+ de la BBB<\/strong>. Combinamos la agilidad de una plataforma digital con la seguridad que ofrecen los l\u00edderes consolidados del sector.<\/p>\n<p><strong>Tecnolog\u00eda moderna. Ra\u00edces tejanas.<\/strong><\/p>\n<p>Aunque nuestra plataforma es 100% digital, nuestro coraz\u00f3n est\u00e1 firmemente arraigado en el \u00abEstado de la Estrella Solitaria\u00bb (Texas). <strong>Tap to Insure<\/strong> es una agencia profesional con licencia que cuenta con una <strong>oficina f\u00edsica en Texas<\/strong>. Creemos en la combinaci\u00f3n de la eficiencia de vanguardia propia de una startup fintech con la responsabilidad y el trato personal de un agente local de confianza. Al elegirnos, no solo est\u00e1 utilizando una aplicaci\u00f3n: se est\u00e1 asociando con expertos de Texas que entienden nuestras carreteras, nuestras leyes y nuestra comunidad.<\/p>\n<p><strong>Nuestra promesa para usted<\/strong><\/p>\n<p>Creemos que todos merecen acceso a un seguro de auto asequible y confiable, independientemente de su puntaje de cr\u00e9dito o su documentaci\u00f3n. Nuestra misi\u00f3n es brindar una experiencia transparente y \u00e1gil que respete su tiempo y proteja su futuro.<\/p>\n<p><strong>No se limite a asegurarse. Toque para asegurarse.<\/strong><\/p>\n","protected":false},"excerpt":{"rendered":"<p>Nuestra historia: Seguros a la velocidad de la vida. La visi\u00f3n La agencia de seguros tradicional se construy\u00f3 sobre una base de llamadas telef\u00f3nicas, papeleo y la promesa de \u00abnos pondremos en contacto con usted\u00bb. En Tap to Insure, nos dimos cuenta de que, en un mundo donde se puede pedir la cena y gestionar [&hellip;]<\/p>\n","protected":false},"author":69,"featured_media":0,"parent":0,"menu_order":0,"comment_status":"open","ping_status":"open","template":"","meta":{"_acf_changed":false,"_seopress_robots_primary_cat":"","_seopress_titles_title":"","_seopress_titles_desc":"","_seopress_robots_index":"","_analytify_skip_tracking":false,"footnotes":""},"class_list":["post-1614","page","type-page","status-publish","hentry"],"acf":[],"_links":{"self":[{"href":"https:\/\/tap-to-insure-llc.seven.zysites.com\/es\/wp-json\/wp\/v2\/pages\/1614","targetHints":{"allow":["GET"]}}],"collection":[{"href":"https:\/\/tap-to-insure-llc.seven.zysites.com\/es\/wp-json\/wp\/v2\/pages"}],"about":[{"href":"https:\/\/tap-to-insure-llc.seven.zysites.com\/es\/wp-json\/wp\/v2\/types\/page"}],"author":[{"embeddable":true,"href":"https:\/\/tap-to-insure-llc.seven.zysites.com\/es\/wp-json\/wp\/v2\/users\/69"}],"replies":[{"embeddable":true,"href":"https:\/\/tap-to-insure-llc.seven.zysites.com\/es\/wp-json\/wp\/v2\/comments?post=1614"}],"version-history":[{"count":0,"href":"https:\/\/tap-to-insure-llc.seven.zysites.com\/es\/wp-json\/wp\/v2\/pages\/1614\/revisions"}],"wp:attachment":[{"href":"https:\/\/tap-to-insure-llc.seven.zysites.com\/es\/wp-json\/wp\/v2\/media?parent=1614"}],"curies":[{"name":"wp","href":"https:\/\/api.w.org\/{rel}","templated":true}]}}